{"id":59,"date":"2023-03-19T19:05:51","date_gmt":"2023-03-19T19:05:51","guid":{"rendered":"http:\/\/quantumtherapy.ovh\/?page_id=59"},"modified":"2023-04-17T19:33:53","modified_gmt":"2023-04-17T19:33:53","slug":"terapia-kwantowa","status":"publish","type":"page","link":"https:\/\/quantumtherapy.ovh\/index.php\/terapia-kwantowa\/","title":{"rendered":"Terapia Kwantowa"},"content":{"rendered":"<p>[et_pb_section fb_built=&#8221;1&#8243; admin_label=&#8221;Header&#8221; _builder_version=&#8221;4.19.5&#8243; _module_preset=&#8221;default&#8221; use_background_color_gradient=&#8221;on&#8221; background_color_gradient_stops=&#8221;rgba(0,0,0,0.7) 0%|rgba(0,0,0,0.3) 100%&#8221; background_color_gradient_overlays_image=&#8221;on&#8221; background_image=&#8221;http:\/\/quantumtherapy.ovh\/wp-content\/uploads\/2023\/03\/MotherDaughterWide-1.jpg&#8221; custom_padding=&#8221;8vw||8vw||true|false&#8221; locked=&#8221;off&#8221; collapsed=&#8221;on&#8221; global_colors_info=&#8221;{}&#8221;][et_pb_row _builder_version=&#8221;4.19.5&#8243; _module_preset=&#8221;default&#8221; max_width=&#8221;510px&#8221; module_alignment=&#8221;right&#8221; custom_margin=&#8221;||||false|false&#8221; custom_padding=&#8221;||||false|false&#8221; global_colors_info=&#8221;{}&#8221;][et_pb_column type=&#8221;4_4&#8243; _builder_version=&#8221;4.19.1&#8243; _module_preset=&#8221;default&#8221; global_colors_info=&#8221;{}&#8221;][et_pb_text _builder_version=&#8221;4.19.5&#8243; _module_preset=&#8221;20652445-b27b-47db-8479-524f5c267db2&#8243; header_4_text_color=&#8221;#FFFFFF&#8221; text_orientation=&#8221;center&#8221; global_colors_info=&#8221;{}&#8221;]<\/p>\n<h4>Us\u0142ugi<\/h4>\n<p>[\/et_pb_text][et_pb_text _builder_version=&#8221;4.19.2&#8243; _module_preset=&#8221;7d4a1956-5f3a-4a55-8f20-41f075700632&#8243; header_2_text_color=&#8221;#FFFFFF&#8221; text_orientation=&#8221;center&#8221; global_colors_info=&#8221;{}&#8221;]<\/p>\n<h2>Terapia Kwantowa<\/h2>\n<p>[\/et_pb_text][et_pb_button button_text=&#8221;Um\u00f3w si\u0119&#8221; button_alignment=&#8221;center&#8221; _builder_version=&#8221;4.19.5&#8243; _module_preset=&#8221;07a9c564-c489-4b0b-80bd-e3a40484cea7&#8243; global_colors_info=&#8221;{}&#8221;][\/et_pb_button][\/et_pb_column][\/et_pb_row][\/et_pb_section][et_pb_section fb_built=&#8221;1&#8243; admin_label=&#8221;Service&#8221; _builder_version=&#8221;4.19.1&#8243; _module_preset=&#8221;default&#8221; background_color=&#8221;gcid-60a9336e-d2d2-4a1c-8ba5-e61d328b51b8&#8243; collapsed=&#8221;on&#8221; global_colors_info=&#8221;{%22gcid-60a9336e-d2d2-4a1c-8ba5-e61d328b51b8%22:%91%22background_color%22%93}&#8221;][et_pb_row column_structure=&#8221;1_2,1_2&#8243; _builder_version=&#8221;4.19.1&#8243; _module_preset=&#8221;default&#8221; global_colors_info=&#8221;{}&#8221;][et_pb_column type=&#8221;1_2&#8243; _builder_version=&#8221;4.19.1&#8243; _module_preset=&#8221;default&#8221; global_colors_info=&#8221;{}&#8221;][et_pb_text _builder_version=&#8221;4.19.1&#8243; _module_preset=&#8221;76fcaad9-918c-4d4d-a883-fe311fa90a73&#8243; custom_margin=&#8221;||10px||false|false&#8221; global_colors_info=&#8221;{}&#8221;]<\/p>\n<h3>Kwantowa Terapia<\/h3>\n<p>[\/et_pb_text][et_pb_image src=&#8221;http:\/\/quantumtherapy.ovh\/wp-content\/uploads\/2023\/03\/Terapia-Kwantowa-Q-beige.png&#8221; title_text=&#8221;Terapia Kwantowa Q beige&#8221; _builder_version=&#8221;4.19.5&#8243; _module_preset=&#8221;default&#8221; enable_caption_text=&#8221;on&#8221; global_colors_info=&#8221;{}&#8221;][\/et_pb_image][\/et_pb_column][et_pb_column type=&#8221;1_2&#8243; _builder_version=&#8221;4.19.1&#8243; _module_preset=&#8221;default&#8221; global_colors_info=&#8221;{}&#8221;][et_pb_text _builder_version=&#8221;4.19.5&#8243; _module_preset=&#8221;2e59d323-49df-4e01-b3be-4a82b811575f&#8221; global_colors_info=&#8221;{}&#8221;]<\/p>\n<p>Kwantyfikatory narracji terapeuty nie zawsze trafiaj\u0105 do przekonania klient\u00f3w, \u017ce s\u0105 po\u017cyteczne. Subiektywizm emocjonalny eliminuje porozumienie i generuje barierowy potencja\u0142 emocjonalny, dominuj\u0105cy spl\u0105tania pola informacyjnego. W rodzinie (kolokwialnie we wsp\u00f3lnocie genetycznej) poza biorezonansem, wyst\u0119puj\u0105cym g\u0142\u00f3wnie od strony Matki, mog\u0105 wyst\u0119powa\u0107 relacje kwantowe, przede wszystkim spl\u0105tania oraz p\u0142ytsze, typu B2B, jako kwantowo~falowe. S\u0105 one przydatne do akceptacji deterministycznych wzorc\u00f3w przekazywanych genetycznie i poprzez rezonans falowy w rodzinie. Daj\u0105 poczucie bezpiecze\u0144stwa i ewentualnie powodzenia. Licz\u0105c na zrozumienie \u015bwiadomo\u015bci, bez zb\u0119dnych emocji w tej kwestii od strony Matki, nale\u017cy prowadzi\u0107 terapi\u0119 kwantow\u0105 w oparciu o \u015bwiadomo\u015b\u0107 i potencja\u0142 intelektualny w rodzinie. Zasoby te nale\u017cy modyfikowa\u0107 metodami psychoterapii, treningu autogennego, hipnozy, lub na wy\u017cszym poziomie wsp\u00f3\u0142pracy, \u015bwiadom\u0105 autohipnoz\u0105. Po wst\u0119pnym etapie, nale\u017cy oceni\u0107 zdolno\u015b\u0107 klienta do wsp\u00f3\u0142pracy i ewentualnie eliminowa\u0107 kompleksy. Gdy wida\u0107 mo\u017cliwo\u015b\u0107 wsp\u00f3\u0142pracy w terapii, nale\u017cy wybra\u0107 kierunek tej wsp\u00f3\u0142pracy, np. energetyczny, informacyjny czy medytacyjny. Wtedy rozpoczynamy terapi\u0119 biorezonansow\u0105, elektroterapi\u0119 i\/lub terapi\u0119 kwantow\u0105. Ocena psychoterapeuty jest determinowana ocen\u0105 nawi\u0105zania realnego kontaktu do dalszej wsp\u00f3\u0142pracy dla terapii. R\u00f3wnie\u017c nale\u017cy do\u0142\u0105czy\u0107 propozycj\u0119 dalszej wsp\u00f3lnej terapii z matk\u0105 i klientem w przypadku wyst\u0105pienia takiej mo\u017cliwo\u015bci.<\/p>\n<p>[\/et_pb_text][\/et_pb_column][\/et_pb_row][\/et_pb_section][et_pb_section fb_built=&#8221;1&#8243; admin_label=&#8221;Gallery&#8221; _builder_version=&#8221;4.19.1&#8243; _module_preset=&#8221;default&#8221; background_color=&#8221;gcid-60a9336e-d2d2-4a1c-8ba5-e61d328b51b8&#8243; overflow-x=&#8221;hidden&#8221; overflow-y=&#8221;hidden&#8221; locked=&#8221;off&#8221; collapsed=&#8221;on&#8221; global_colors_info=&#8221;{%22gcid-60a9336e-d2d2-4a1c-8ba5-e61d328b51b8%22:%91%22background_color%22%93}&#8221;][et_pb_row column_structure=&#8221;1_4,1_2,1_4&#8243; make_equal=&#8221;on&#8221; custom_padding_last_edited=&#8221;on|desktop&#8221; _builder_version=&#8221;4.19.1&#8243; _module_preset=&#8221;default&#8221; custom_padding_tablet=&#8221;||0px||false|false&#8221; custom_padding_phone=&#8221;||0px||false|false&#8221; locked=&#8221;off&#8221; global_colors_info=&#8221;{}&#8221;][et_pb_column type=&#8221;1_4&#8243; _builder_version=&#8221;4.19.1&#8243; _module_preset=&#8221;default&#8221; global_colors_info=&#8221;{}&#8221;][et_pb_image src=&#8221;http:\/\/quantumtherapy.ovh\/wp-content\/uploads\/2023\/03\/hair-salon-16.jpg&#8221; title_text=&#8221;hair-salon-16&#8243; _builder_version=&#8221;4.19.1&#8243; _module_preset=&#8221;default&#8221; border_radii=&#8221;on|500px|500px|500px|500px&#8221; border_width_all=&#8221;1px&#8221; border_color_all=&#8221;#000000&#8243; global_colors_info=&#8221;{}&#8221;][\/et_pb_image][\/et_pb_column][et_pb_column type=&#8221;1_2&#8243; _builder_version=&#8221;4.19.1&#8243; _module_preset=&#8221;default&#8221; background_image=&#8221;http:\/\/quantumtherapy.ovh\/wp-content\/uploads\/2023\/03\/hair-salon-17.jpg&#8221; border_width_all=&#8221;1px&#8221; border_color_all=&#8221;#000000&#8243; global_colors_info=&#8221;{}&#8221;][et_pb_divider show_divider=&#8221;off&#8221; _builder_version=&#8221;4.19.1&#8243; _module_preset=&#8221;default&#8221; height_tablet=&#8221;60vw&#8221; height_phone=&#8221;60vw&#8221; height_last_edited=&#8221;on|tablet&#8221; global_colors_info=&#8221;{}&#8221;][\/et_pb_divider][\/et_pb_column][et_pb_column type=&#8221;1_4&#8243; _builder_version=&#8221;4.19.1&#8243; _module_preset=&#8221;default&#8221; global_colors_info=&#8221;{}&#8221;][et_pb_image src=&#8221;http:\/\/quantumtherapy.ovh\/wp-content\/uploads\/2023\/03\/hair-salon-18.jpg&#8221; title_text=&#8221;hair-salon-18&#8243; _builder_version=&#8221;4.19.1&#8243; _module_preset=&#8221;default&#8221; border_width_all=&#8221;1px&#8221; border_color_all=&#8221;#000000&#8243; locked=&#8221;off&#8221; global_colors_info=&#8221;{}&#8221;][\/et_pb_image][\/et_pb_column][\/et_pb_row][et_pb_row column_structure=&#8221;1_4,1_4,1_2&#8243; make_equal=&#8221;on&#8221; _builder_version=&#8221;4.19.5&#8243; _module_preset=&#8221;default&#8221; hover_enabled=&#8221;0&#8243; locked=&#8221;off&#8221; global_colors_info=&#8221;{}&#8221; sticky_enabled=&#8221;0&#8243;][et_pb_column type=&#8221;1_4&#8243; _builder_version=&#8221;4.19.1&#8243; _module_preset=&#8221;default&#8221; background_image=&#8221;http:\/\/quantumtherapy.ovh\/wp-content\/uploads\/2023\/03\/hair-salon-19.jpg&#8221; border_width_all=&#8221;1px&#8221; border_color_all=&#8221;#000000&#8243; global_colors_info=&#8221;{}&#8221;][et_pb_divider show_divider=&#8221;off&#8221; _builder_version=&#8221;4.19.1&#8243; _module_preset=&#8221;default&#8221; height_tablet=&#8221;60vw&#8221; height_phone=&#8221;60vw&#8221; height_last_edited=&#8221;on|tablet&#8221; locked=&#8221;off&#8221; global_colors_info=&#8221;{}&#8221;][\/et_pb_divider][\/et_pb_column][et_pb_column type=&#8221;1_4&#8243; _builder_version=&#8221;4.19.1&#8243; _module_preset=&#8221;default&#8221; background_image=&#8221;http:\/\/quantumtherapy.ovh\/wp-content\/uploads\/2023\/03\/hair-salon-20.jpg&#8221; border_width_all=&#8221;1px&#8221; border_color_all=&#8221;#000000&#8243; global_colors_info=&#8221;{}&#8221;][et_pb_divider show_divider=&#8221;off&#8221; _builder_version=&#8221;4.19.1&#8243; _module_preset=&#8221;default&#8221; height_tablet=&#8221;60vw&#8221; height_phone=&#8221;60vw&#8221; height_last_edited=&#8221;on|tablet&#8221; locked=&#8221;off&#8221; global_colors_info=&#8221;{}&#8221;][\/et_pb_divider][\/et_pb_column][et_pb_column type=&#8221;1_2&#8243; _builder_version=&#8221;4.19.1&#8243; _module_preset=&#8221;default&#8221; global_colors_info=&#8221;{}&#8221;][et_pb_image src=&#8221;http:\/\/quantumtherapy.ovh\/wp-content\/uploads\/2023\/03\/hair-salon-21.jpg&#8221; title_text=&#8221;hair-salon-21&#8243; _builder_version=&#8221;4.19.1&#8243; _module_preset=&#8221;default&#8221; custom_margin=&#8221;|-30vw|||false|false&#8221; border_radii=&#8221;off|500px|||500px&#8221; border_width_all=&#8221;1px&#8221; border_color_all=&#8221;#000000&#8243; locked=&#8221;off&#8221; global_colors_info=&#8221;{}&#8221;][\/et_pb_image][\/et_pb_column][\/et_pb_row][\/et_pb_section][et_pb_section fb_built=&#8221;1&#8243; admin_label=&#8221;Footer&#8221; _builder_version=&#8221;4.19.1&#8243; _module_preset=&#8221;default&#8221; background_color=&#8221;#000000&#8243; saved_tabs=&#8221;all&#8221; collapsed=&#8221;on&#8221; global_colors_info=&#8221;{}&#8221;][et_pb_row _builder_version=&#8221;4.19.1&#8243; _module_preset=&#8221;default&#8221; global_colors_info=&#8221;{}&#8221;][et_pb_column type=&#8221;4_4&#8243; _builder_version=&#8221;4.19.1&#8243; _module_preset=&#8221;default&#8221; global_colors_info=&#8221;{}&#8221;][et_pb_text _builder_version=&#8221;4.19.2&#8243; _module_preset=&#8221;5e546a51-a7fa-4431-b6b2-8b1bc0ee2adf&#8221; header_2_text_color=&#8221;#FFFFFF&#8221; global_colors_info=&#8221;{}&#8221;]<\/p>\n<h2>Book Appointment<\/h2>\n<p>[\/et_pb_text][\/et_pb_column][\/et_pb_row][et_pb_row column_structure=&#8221;3_4,1_4&#8243; _builder_version=&#8221;4.19.1&#8243; _module_preset=&#8221;default&#8221; global_colors_info=&#8221;{}&#8221;][et_pb_column type=&#8221;3_4&#8243; _builder_version=&#8221;4.19.1&#8243; _module_preset=&#8221;default&#8221; global_colors_info=&#8221;{}&#8221;][et_pb_contact_form captcha=&#8221;off&#8221; _builder_version=&#8221;4.19.2&#8243; _module_preset=&#8221;5bd0e809-9e4b-430f-b1ac-6844e20d2d00&#8243; locked=&#8221;off&#8221; global_colors_info=&#8221;{%22gcid-77ec331f-6e38-4703-81e5-732034e538f2%22:%91%22button_bg_color%22,%22button_bg_color%22,%22button_text_color__hover%22%93}&#8221;][et_pb_contact_field field_id=&#8221;Name&#8221; field_title=&#8221;Name&#8221; _builder_version=&#8221;4.19.1&#8243; _module_preset=&#8221;default&#8221; global_colors_info=&#8221;{}&#8221; button_text_size__hover_enabled=&#8221;off&#8221; button_one_text_size__hover_enabled=&#8221;off&#8221; button_two_text_size__hover_enabled=&#8221;off&#8221; button_text_color__hover_enabled=&#8221;off&#8221; button_one_text_color__hover_enabled=&#8221;off&#8221; button_two_text_color__hover_enabled=&#8221;off&#8221; button_border_width__hover_enabled=&#8221;off&#8221; button_one_border_width__hover_enabled=&#8221;off&#8221; button_two_border_width__hover_enabled=&#8221;off&#8221; button_border_color__hover_enabled=&#8221;off&#8221; button_one_border_color__hover_enabled=&#8221;off&#8221; button_two_border_color__hover_enabled=&#8221;off&#8221; button_border_radius__hover_enabled=&#8221;off&#8221; button_one_border_radius__hover_enabled=&#8221;off&#8221; button_two_border_radius__hover_enabled=&#8221;off&#8221; button_letter_spacing__hover_enabled=&#8221;off&#8221; button_one_letter_spacing__hover_enabled=&#8221;off&#8221; button_two_letter_spacing__hover_enabled=&#8221;off&#8221; button_bg_color__hover_enabled=&#8221;off&#8221; button_one_bg_color__hover_enabled=&#8221;off&#8221; button_two_bg_color__hover_enabled=&#8221;off&#8221;][\/et_pb_contact_field][et_pb_contact_field field_id=&#8221;Email&#8221; field_title=&#8221;Email Address&#8221; field_type=&#8221;email&#8221; _builder_version=&#8221;4.19.1&#8243; _module_preset=&#8221;default&#8221; global_colors_info=&#8221;{}&#8221; button_text_size__hover_enabled=&#8221;off&#8221; button_one_text_size__hover_enabled=&#8221;off&#8221; button_two_text_size__hover_enabled=&#8221;off&#8221; button_text_color__hover_enabled=&#8221;off&#8221; button_one_text_color__hover_enabled=&#8221;off&#8221; button_two_text_color__hover_enabled=&#8221;off&#8221; button_border_width__hover_enabled=&#8221;off&#8221; button_one_border_width__hover_enabled=&#8221;off&#8221; button_two_border_width__hover_enabled=&#8221;off&#8221; button_border_color__hover_enabled=&#8221;off&#8221; button_one_border_color__hover_enabled=&#8221;off&#8221; button_two_border_color__hover_enabled=&#8221;off&#8221; button_border_radius__hover_enabled=&#8221;off&#8221; button_one_border_radius__hover_enabled=&#8221;off&#8221; button_two_border_radius__hover_enabled=&#8221;off&#8221; button_letter_spacing__hover_enabled=&#8221;off&#8221; button_one_letter_spacing__hover_enabled=&#8221;off&#8221; button_two_letter_spacing__hover_enabled=&#8221;off&#8221; button_bg_color__hover_enabled=&#8221;off&#8221; button_one_bg_color__hover_enabled=&#8221;off&#8221; button_two_bg_color__hover_enabled=&#8221;off&#8221;][\/et_pb_contact_field][et_pb_contact_field field_id=&#8221;Message&#8221; field_title=&#8221;Message&#8221; field_type=&#8221;text&#8221; fullwidth_field=&#8221;on&#8221; _builder_version=&#8221;4.19.1&#8243; _module_preset=&#8221;default&#8221; global_colors_info=&#8221;{}&#8221; button_text_size__hover_enabled=&#8221;off&#8221; button_one_text_size__hover_enabled=&#8221;off&#8221; button_two_text_size__hover_enabled=&#8221;off&#8221; button_text_color__hover_enabled=&#8221;off&#8221; button_one_text_color__hover_enabled=&#8221;off&#8221; button_two_text_color__hover_enabled=&#8221;off&#8221; button_border_width__hover_enabled=&#8221;off&#8221; button_one_border_width__hover_enabled=&#8221;off&#8221; button_two_border_width__hover_enabled=&#8221;off&#8221; button_border_color__hover_enabled=&#8221;off&#8221; button_one_border_color__hover_enabled=&#8221;off&#8221; button_two_border_color__hover_enabled=&#8221;off&#8221; button_border_radius__hover_enabled=&#8221;off&#8221; button_one_border_radius__hover_enabled=&#8221;off&#8221; button_two_border_radius__hover_enabled=&#8221;off&#8221; button_letter_spacing__hover_enabled=&#8221;off&#8221; button_one_letter_spacing__hover_enabled=&#8221;off&#8221; button_two_letter_spacing__hover_enabled=&#8221;off&#8221; button_bg_color__hover_enabled=&#8221;off&#8221; button_one_bg_color__hover_enabled=&#8221;off&#8221; button_two_bg_color__hover_enabled=&#8221;off&#8221;][\/et_pb_contact_field][\/et_pb_contact_form][\/et_pb_column][et_pb_column type=&#8221;1_4&#8243; _builder_version=&#8221;4.19.1&#8243; _module_preset=&#8221;default&#8221; global_colors_info=&#8221;{}&#8221;][et_pb_text _builder_version=&#8221;4.19.2&#8243; _module_preset=&#8221;7dfe5925-043e-4886-b96d-49c586dd6a36&#8243; text_text_color=&#8221;gcid-77ec331f-6e38-4703-81e5-732034e538f2&#8243; custom_margin=&#8221;20px||0px||false|false&#8221; locked=&#8221;off&#8221; global_colors_info=&#8221;{%22gcid-77ec331f-6e38-4703-81e5-732034e538f2%22:%91%22text_text_color%22,%22text_text_color%22%93}&#8221;]<\/p>\n<p>Phone<\/p>\n<p>[\/et_pb_text][et_pb_text _builder_version=&#8221;4.19.2&#8243; _module_preset=&#8221;2e59d323-49df-4e01-b3be-4a82b811575f&#8221; text_text_color=&#8221;#FFFFFF&#8221; custom_margin=&#8221;||0px||false|false&#8221; locked=&#8221;off&#8221; global_colors_info=&#8221;{}&#8221;]<\/p>\n<p>(255) 352-6258<\/p>\n<p>[\/et_pb_text][et_pb_text _builder_version=&#8221;4.19.2&#8243; _module_preset=&#8221;7dfe5925-043e-4886-b96d-49c586dd6a36&#8243; text_text_color=&#8221;gcid-77ec331f-6e38-4703-81e5-732034e538f2&#8243; custom_margin=&#8221;20px||0px||false|false&#8221; locked=&#8221;off&#8221; global_colors_info=&#8221;{%22gcid-77ec331f-6e38-4703-81e5-732034e538f2%22:%91%22text_text_color%22%93}&#8221;]<\/p>\n<p>Address<\/p>\n<p>[\/et_pb_text][et_pb_text _builder_version=&#8221;4.19.2&#8243; _module_preset=&#8221;2e59d323-49df-4e01-b3be-4a82b811575f&#8221; text_text_color=&#8221;#FFFFFF&#8221; custom_margin=&#8221;||0px||false|false&#8221; locked=&#8221;off&#8221; global_colors_info=&#8221;{}&#8221;]<\/p>\n<p>1234 Divi St. #1000, San Francisco, CA 94220<\/p>\n<p>[\/et_pb_text][et_pb_text _builder_version=&#8221;4.19.1&#8243; _module_preset=&#8221;7dfe5925-043e-4886-b96d-49c586dd6a36&#8243; text_text_color=&#8221;gcid-77ec331f-6e38-4703-81e5-732034e538f2&#8243; custom_margin=&#8221;20px||0px||false|false&#8221; locked=&#8221;off&#8221; global_colors_info=&#8221;{%22gcid-77ec331f-6e38-4703-81e5-732034e538f2%22:%91%22text_text_color%22,%22text_text_color%22%93}&#8221;]Opening Hours[\/et_pb_text][et_pb_text _builder_version=&#8221;4.19.2&#8243; _module_preset=&#8221;2e59d323-49df-4e01-b3be-4a82b811575f&#8221; text_text_color=&#8221;#FFFFFF&#8221; custom_margin=&#8221;||0px||false|false&#8221; locked=&#8221;off&#8221; global_colors_info=&#8221;{}&#8221;]<\/p>\n<p>Monday 10am \u2013 6pm<\/p>\n<p>[\/et_pb_text][et_pb_text _builder_version=&#8221;4.19.2&#8243; _module_preset=&#8221;2e59d323-49df-4e01-b3be-4a82b811575f&#8221; text_text_color=&#8221;#FFFFFF&#8221; custom_margin=&#8221;||0px||false|false&#8221; locked=&#8221;off&#8221; global_colors_info=&#8221;{}&#8221;]<\/p>\n<p>Tuesday 10am \u2013 6pm<\/p>\n<p>[\/et_pb_text][et_pb_text _builder_version=&#8221;4.19.2&#8243; _module_preset=&#8221;2e59d323-49df-4e01-b3be-4a82b811575f&#8221; text_text_color=&#8221;#FFFFFF&#8221; custom_margin=&#8221;||0px||false|false&#8221; locked=&#8221;off&#8221; global_colors_info=&#8221;{}&#8221;]<\/p>\n<p>Wednesday CLOSED<\/p>\n<p>[\/et_pb_text][et_pb_text _builder_version=&#8221;4.19.2&#8243; _module_preset=&#8221;2e59d323-49df-4e01-b3be-4a82b811575f&#8221; text_text_color=&#8221;#FFFFFF&#8221; custom_margin=&#8221;||0px||false|false&#8221; locked=&#8221;off&#8221; global_colors_info=&#8221;{}&#8221;]<\/p>\n<p>Thursday 10am \u2013 6pm<\/p>\n<p>[\/et_pb_text][et_pb_text _builder_version=&#8221;4.19.2&#8243; _module_preset=&#8221;2e59d323-49df-4e01-b3be-4a82b811575f&#8221; text_text_color=&#8221;#FFFFFF&#8221; custom_margin=&#8221;||0px||false|false&#8221; locked=&#8221;off&#8221; global_colors_info=&#8221;{}&#8221;]<\/p>\n<p>Friday 10am \u2013 4pm<\/p>\n<p>[\/et_pb_text][et_pb_text _builder_version=&#8221;4.19.2&#8243; _module_preset=&#8221;2e59d323-49df-4e01-b3be-4a82b811575f&#8221; text_text_color=&#8221;#FFFFFF&#8221; custom_margin=&#8221;||0px||false|false&#8221; locked=&#8221;off&#8221; global_colors_info=&#8221;{}&#8221;]<\/p>\n<p>Saturday 11am \u2013 4pm<\/p>\n<p>[\/et_pb_text][et_pb_text _builder_version=&#8221;4.19.2&#8243; _module_preset=&#8221;2e59d323-49df-4e01-b3be-4a82b811575f&#8221; text_text_color=&#8221;#FFFFFF&#8221; custom_margin=&#8221;||0px||false|false&#8221; locked=&#8221;off&#8221; global_colors_info=&#8221;{}&#8221;]<\/p>\n<p>Sunday CLOSED<\/p>\n<p>[\/et_pb_text][\/et_pb_column][\/et_pb_row][\/et_pb_section]<\/p>\n","protected":false},"excerpt":{"rendered":"<p>Us\u0142ugiTerapia KwantowaKwantowa TerapiaKwantyfikatory narracji terapeuty nie zawsze trafiaj\u0105 do przekonania klient\u00f3w, \u017ce s\u0105 po\u017cyteczne. Subiektywizm emocjonalny eliminuje porozumienie i generuje barierowy potencja\u0142 emocjonalny, dominuj\u0105cy spl\u0105tania pola informacyjnego. W rodzinie (kolokwialnie we wsp\u00f3lnocie genetycznej) poza biorezonansem, wyst\u0119puj\u0105cym g\u0142\u00f3wnie od strony Matki, mog\u0105 wyst\u0119powa\u0107 relacje kwantowe, przede wszystkim spl\u0105tania oraz p\u0142ytsze, typu B2B, jako kwantowo~falowe. S\u0105 one [&hellip;]<\/p>\n","protected":false},"author":1,"featured_media":0,"parent":0,"menu_order":0,"comment_status":"closed","ping_status":"closed","template":"","meta":{"_et_pb_use_builder":"on","_et_pb_old_content":"<!-- wp:divi\/placeholder \/-->","_et_gb_content_width":"","footnotes":""},"class_list":["post-59","page","type-page","status-publish","hentry"],"_links":{"self":[{"href":"https:\/\/quantumtherapy.ovh\/index.php\/wp-json\/wp\/v2\/pages\/59","targetHints":{"allow":["GET"]}}],"collection":[{"href":"https:\/\/quantumtherapy.ovh\/index.php\/wp-json\/wp\/v2\/pages"}],"about":[{"href":"https:\/\/quantumtherapy.ovh\/index.php\/wp-json\/wp\/v2\/types\/page"}],"author":[{"embeddable":true,"href":"https:\/\/quantumtherapy.ovh\/index.php\/wp-json\/wp\/v2\/users\/1"}],"replies":[{"embeddable":true,"href":"https:\/\/quantumtherapy.ovh\/index.php\/wp-json\/wp\/v2\/comments?post=59"}],"version-history":[{"count":16,"href":"https:\/\/quantumtherapy.ovh\/index.php\/wp-json\/wp\/v2\/pages\/59\/revisions"}],"predecessor-version":[{"id":303,"href":"https:\/\/quantumtherapy.ovh\/index.php\/wp-json\/wp\/v2\/pages\/59\/revisions\/303"}],"wp:attachment":[{"href":"https:\/\/quantumtherapy.ovh\/index.php\/wp-json\/wp\/v2\/media?parent=59"}],"curies":[{"name":"wp","href":"https:\/\/api.w.org\/{rel}","templated":true}]}}