{"id":60,"date":"2023-03-19T19:06:01","date_gmt":"2023-03-19T19:06:01","guid":{"rendered":"http:\/\/quantumtherapy.ovh\/?page_id=60"},"modified":"2023-08-13T05:27:38","modified_gmt":"2023-08-13T05:27:38","slug":"timewaver-med","status":"publish","type":"page","link":"https:\/\/quantumtherapy.ovh\/index.php\/timewaver-med\/","title":{"rendered":"TimeWaver Pro"},"content":{"rendered":"<p>[et_pb_section fb_built=&#8221;1&#8243; admin_label=&#8221;Header&#8221; _builder_version=&#8221;4.19.1&#8243; _module_preset=&#8221;default&#8221; background_color=&#8221;gcid-60a9336e-d2d2-4a1c-8ba5-e61d328b51b8&#8243; custom_padding=&#8221;||0px||false|false&#8221; collapsed=&#8221;on&#8221; global_colors_info=&#8221;{%22gcid-60a9336e-d2d2-4a1c-8ba5-e61d328b51b8%22:%91%22background_color%22%93}&#8221;][et_pb_row _builder_version=&#8221;4.19.1&#8243; _module_preset=&#8221;default&#8221; global_colors_info=&#8221;{}&#8221;][et_pb_column type=&#8221;4_4&#8243; _builder_version=&#8221;4.19.1&#8243; _module_preset=&#8221;default&#8221; global_colors_info=&#8221;{}&#8221;][et_pb_text _builder_version=&#8221;4.19.5&#8243; _module_preset=&#8221;e17e3333-386c-4c0f-9611-ed059b66d1c9&#8243; header_4_text_color=&#8221;gcid-c86e62ff-92a1-4099-aecc-635d036192ab&#8221; text_orientation=&#8221;center&#8221; global_colors_info=&#8221;{%22gcid-c86e62ff-92a1-4099-aecc-635d036192ab%22:%91%22header_4_text_color%22,%22header_4_text_color%22%93}&#8221;]<\/p>\n<h4>TimeWaver PRO\/MED<\/h4>\n<p>[\/et_pb_text][et_pb_text _builder_version=&#8221;4.19.1&#8243; _module_preset=&#8221;53905b47-5d80-49b0-bef8-b67d7f03bce6&#8243; text_orientation=&#8221;center&#8221; global_colors_info=&#8221;{}&#8221;]<\/p>\n<h1><b>TimeWaver Professional TimeWaver Med<\/b><\/h1>\n<p>[\/et_pb_text][\/et_pb_column][\/et_pb_row][\/et_pb_section][et_pb_section fb_built=&#8221;1&#8243; admin_label=&#8221;Service&#8221; _builder_version=&#8221;4.19.1&#8243; _module_preset=&#8221;default&#8221; background_color=&#8221;gcid-60a9336e-d2d2-4a1c-8ba5-e61d328b51b8&#8243; collapsed=&#8221;on&#8221; global_colors_info=&#8221;{%22gcid-60a9336e-d2d2-4a1c-8ba5-e61d328b51b8%22:%91%22background_color%22%93}&#8221;][et_pb_row column_structure=&#8221;1_2,1_2&#8243; _builder_version=&#8221;4.19.5&#8243; _module_preset=&#8221;default&#8221; global_colors_info=&#8221;{}&#8221;][et_pb_column type=&#8221;1_2&#8243; _builder_version=&#8221;4.19.1&#8243; _module_preset=&#8221;default&#8221; global_colors_info=&#8221;{}&#8221;][et_pb_image src=&#8221;http:\/\/quantumtherapy.ovh\/wp-content\/uploads\/2023\/03\/timewavermed.png&#8221; title_text=&#8221;timewavermed&#8221; _builder_version=&#8221;4.19.5&#8243; _module_preset=&#8221;default&#8221; enable_caption_text=&#8221;on&#8221; border_radii=&#8221;on|40px|40px|40px|40px&#8221; border_width_all=&#8221;1px&#8221; border_color_all=&#8221;#471F00&#8243; global_colors_info=&#8221;{}&#8221;][\/et_pb_image][et_pb_text _builder_version=&#8221;4.19.1&#8243; _module_preset=&#8221;66016170-9028-4cf6-8541-4a7ad615e797&#8243; global_colors_info=&#8221;{}&#8221;]<\/p>\n<p>\u201e<span style=\"font-size: medium;\">Cz\u0142owiek \u2013 magnetyczna mimoza \u2013 orientuj\u0105cy si\u0119 m\u00f3zgiem i sercem w przestrzeni \u017cycia jak \u017cywy elektroniczny uk\u0142ad scalony, stanowi najdelikatniejsze urz\u0105dzenie, kt\u00f3remu przyroda posk\u0105pi\u0142a receptora magnetycznego dla \u015bwiadomego odbioru\u201d &#8211; ks. prof. W\u0142odzimierz Sedlak (1911 -1993)<\/span><\/p>\n<p>[\/et_pb_text][\/et_pb_column][et_pb_column type=&#8221;1_2&#8243; _builder_version=&#8221;4.19.1&#8243; _module_preset=&#8221;default&#8221; global_colors_info=&#8221;{}&#8221;][et_pb_text _builder_version=&#8221;4.19.1&#8243; _module_preset=&#8221;34ca244d-d492-4580-8d60-db8ebe88b000&#8243; custom_margin=&#8221;||10px||false|false&#8221; global_colors_info=&#8221;{}&#8221;]<\/p>\n<h3><b>TimeWaver Professional<\/b><\/h3>\n<h3><b>TimeWaver Med<\/b><\/h3>\n<p>[\/et_pb_text][et_pb_text _builder_version=&#8221;4.19.1&#8243; _module_preset=&#8221;66016170-9028-4cf6-8541-4a7ad615e797&#8243; global_colors_info=&#8221;{}&#8221;]<\/p>\n<p align=\"justify\"><span style=\"font-size: medium;\">TimeWaver Professional (TWPro) daje mo\u017cliwo\u015b\u0107 analizy informacyjnej na p\u0142aszczyznach: fizycznej, biochemicznej, energetycznej, mentalnej, emocjonalnej, duchowej, kt\u00f3ra z kolei pozwala ustali\u0107 przyczyny niedomaga\u0144, brak\u00f3w i zaburze\u0144 w organizmie. Dzi\u0119ki wykonanej analizie, za pomoc\u0105 tzw. list optymalizacyjnych mo\u017cna zr\u00f3wnowa\u017cy\u0107 znalezione blokady w polu informacyjnym i jednocze\u015bnie u\u015bwiadomi\u0107 klientowi co mo\u017ce zmieni\u0107 w swoich postawach, stylu \u017cycia by wspiera\u0107 d\u0105\u017cenia do poprawy zdrowia, samopoczucia, relacji z innymi i w wielu innych obszarach \u017cycia.<\/span><\/p>\n<p align=\"justify\"><span style=\"font-size: medium;\"><span>Obszary, w kt\u00f3rych dajemy wsparcie przy u\u017cyciu TWPro:<\/span><\/span><\/p>\n<p>[\/et_pb_text][et_pb_blurb title=&#8221;Zdrowie i Sport&#8221; use_icon=&#8221;on&#8221; font_icon=&#8221;&#x52;||divi||400&#8243; _builder_version=&#8221;4.19.5&#8243; _module_preset=&#8221;7a6b62d5-f171-4f9f-8d1d-fc23bfa419e3&#8243; custom_margin=&#8221;||20px||false|false&#8221; body_font_size_last_edited=&#8221;off|desktop&#8221; locked=&#8221;off&#8221; global_colors_info=&#8221;{%22gcid-c86e62ff-92a1-4099-aecc-635d036192ab%22:%91%22icon_color%22%93}&#8221;][\/et_pb_blurb][et_pb_blurb title=&#8221;Rozw\u00f3j Osobisty&#8221; use_icon=&#8221;on&#8221; font_icon=&#8221;&#x52;||divi||400&#8243; _builder_version=&#8221;4.19.5&#8243; _module_preset=&#8221;7a6b62d5-f171-4f9f-8d1d-fc23bfa419e3&#8243; custom_margin=&#8221;||20px||false|false&#8221; body_font_size_last_edited=&#8221;off|desktop&#8221; locked=&#8221;off&#8221; global_colors_info=&#8221;{%22gcid-c86e62ff-92a1-4099-aecc-635d036192ab%22:%91%22icon_color%22%93}&#8221;][\/et_pb_blurb][et_pb_blurb title=&#8221;\u015arodowisko \u017bycia (nieruchomo\u015bci, miejsca)&#8221; use_icon=&#8221;on&#8221; font_icon=&#8221;&#x52;||divi||400&#8243; _builder_version=&#8221;4.19.5&#8243; _module_preset=&#8221;7a6b62d5-f171-4f9f-8d1d-fc23bfa419e3&#8243; custom_margin=&#8221;||20px||false|false&#8221; body_font_size_last_edited=&#8221;off|desktop&#8221; locked=&#8221;off&#8221; global_colors_info=&#8221;{%22gcid-c86e62ff-92a1-4099-aecc-635d036192ab%22:%91%22icon_color%22%93}&#8221;][\/et_pb_blurb][et_pb_blurb title=&#8221;Sukces zawodowy i finansowy&#8221; use_icon=&#8221;on&#8221; font_icon=&#8221;&#x52;||divi||400&#8243; _builder_version=&#8221;4.19.5&#8243; _module_preset=&#8221;7a6b62d5-f171-4f9f-8d1d-fc23bfa419e3&#8243; custom_margin=&#8221;||20px||false|false&#8221; body_font_size_last_edited=&#8221;off|desktop&#8221; locked=&#8221;off&#8221; global_colors_info=&#8221;{%22gcid-c86e62ff-92a1-4099-aecc-635d036192ab%22:%91%22icon_color%22%93}&#8221;][\/et_pb_blurb][et_pb_blurb title=&#8221;Poziom energetyczny&#8221; use_icon=&#8221;on&#8221; font_icon=&#8221;&#x52;||divi||400&#8243; _builder_version=&#8221;4.19.5&#8243; _module_preset=&#8221;7a6b62d5-f171-4f9f-8d1d-fc23bfa419e3&#8243; custom_margin=&#8221;||20px||false|false&#8221; body_font_size_last_edited=&#8221;off|desktop&#8221; locked=&#8221;off&#8221; global_colors_info=&#8221;{%22gcid-c86e62ff-92a1-4099-aecc-635d036192ab%22:%91%22icon_color%22%93}&#8221;][\/et_pb_blurb][\/et_pb_column][\/et_pb_row][et_pb_row _builder_version=&#8221;4.19.5&#8243; _module_preset=&#8221;default&#8221; column_structure=&#8221;1_2,1_2&#8243;][et_pb_column _builder_version=&#8221;4.19.5&#8243; _module_preset=&#8221;default&#8221; type=&#8221;1_2&#8243;][\/et_pb_column][et_pb_column _builder_version=&#8221;4.19.5&#8243; _module_preset=&#8221;default&#8221; type=&#8221;1_2&#8243;][et_pb_gallery _builder_version=&#8221;4.19.5&#8243; _module_preset=&#8221;default&#8221; gallery_ids=&#8221;213&#8243; hover_enabled=&#8221;0&#8243; sticky_enabled=&#8221;0&#8243;][\/et_pb_gallery][\/et_pb_column][\/et_pb_row][\/et_pb_section][et_pb_section fb_built=&#8221;1&#8243; admin_label=&#8221;Features&#8221; _builder_version=&#8221;4.19.1&#8243; _module_preset=&#8221;default&#8221; background_color=&#8221;gcid-60a9336e-d2d2-4a1c-8ba5-e61d328b51b8&#8243; collapsed=&#8221;on&#8221; global_colors_info=&#8221;{%22gcid-60a9336e-d2d2-4a1c-8ba5-e61d328b51b8%22:%91%22background_color%22%93}&#8221;][et_pb_row _builder_version=&#8221;4.19.1&#8243; _module_preset=&#8221;default&#8221; global_colors_info=&#8221;{}&#8221;][et_pb_column type=&#8221;4_4&#8243; _builder_version=&#8221;4.19.1&#8243; _module_preset=&#8221;default&#8221; global_colors_info=&#8221;{}&#8221;][et_pb_text _builder_version=&#8221;4.19.1&#8243; _module_preset=&#8221;5500baa3-c888-426d-ad92-0cdae7bbf826&#8243; text_orientation=&#8221;center&#8221; global_colors_info=&#8221;{}&#8221;]<\/p>\n<h2>Consectetur adipiscing elit. Nunc vulputate libero et velit interdum, ac aliquet odio mattis<\/h2>\n<p>[\/et_pb_text][\/et_pb_column][\/et_pb_row][et_pb_row column_structure=&#8221;1_2,1_2&#8243; _builder_version=&#8221;4.19.1&#8243; _module_preset=&#8221;default&#8221; max_width=&#8221;700px&#8221; global_colors_info=&#8221;{}&#8221;][et_pb_column type=&#8221;1_2&#8243; _builder_version=&#8221;4.19.1&#8243; _module_preset=&#8221;default&#8221; global_colors_info=&#8221;{}&#8221;][et_pb_text _builder_version=&#8221;4.19.1&#8243; _module_preset=&#8221;3f6a949d-f296-4699-aabb-f80344f98e10&#8243; text_orientation=&#8221;center&#8221; global_colors_info=&#8221;{}&#8221;]<\/p>\n<h4>Sit consectetur adipiscing elit<\/h4>\n<p>[\/et_pb_text][et_pb_text _builder_version=&#8221;4.19.1&#8243; _module_preset=&#8221;66016170-9028-4cf6-8541-4a7ad615e797&#8243; text_orientation=&#8221;center&#8221; global_colors_info=&#8221;{}&#8221;]Lorem ipsum dolor sit amet, consectetur adipiscing elit. Donec sed finibus nisi, sed dictum eros.[\/et_pb_text][et_pb_button button_text=&#8221;Browse Hair Services&#8221; button_alignment=&#8221;center&#8221; _builder_version=&#8221;4.19.2&#8243; _module_preset=&#8221;60192c70-364a-4899-a2a7-b1218d228d1c&#8221; locked=&#8221;off&#8221; global_colors_info=&#8221;{}&#8221;][\/et_pb_button][\/et_pb_column][et_pb_column type=&#8221;1_2&#8243; _builder_version=&#8221;4.19.1&#8243; _module_preset=&#8221;default&#8221; global_colors_info=&#8221;{}&#8221;][et_pb_text _builder_version=&#8221;4.19.1&#8243; _module_preset=&#8221;3f6a949d-f296-4699-aabb-f80344f98e10&#8243; text_orientation=&#8221;center&#8221; global_colors_info=&#8221;{}&#8221;]<\/p>\n<h4>Donec sed finibus nisi<\/h4>\n<p>[\/et_pb_text][et_pb_text _builder_version=&#8221;4.19.1&#8243; _module_preset=&#8221;66016170-9028-4cf6-8541-4a7ad615e797&#8243; text_orientation=&#8221;center&#8221; global_colors_info=&#8221;{}&#8221;]Quisque aliquet velit sit amet sem interdum faucibus. In feugiat aliquet mollis etiam tincidunt ligula.[\/et_pb_text][et_pb_button button_text=&#8221;Book Appointment&#8221; button_alignment=&#8221;center&#8221; _builder_version=&#8221;4.19.2&#8243; _module_preset=&#8221;60192c70-364a-4899-a2a7-b1218d228d1c&#8221; locked=&#8221;off&#8221; global_colors_info=&#8221;{}&#8221;][\/et_pb_button][\/et_pb_column][\/et_pb_row][\/et_pb_section][et_pb_section fb_built=&#8221;1&#8243; admin_label=&#8221;Footer&#8221; _builder_version=&#8221;4.19.1&#8243; _module_preset=&#8221;default&#8221; background_color=&#8221;#000000&#8243; saved_tabs=&#8221;all&#8221; collapsed=&#8221;on&#8221; global_colors_info=&#8221;{}&#8221;][et_pb_row _builder_version=&#8221;4.19.1&#8243; _module_preset=&#8221;default&#8221; global_colors_info=&#8221;{}&#8221;][et_pb_column type=&#8221;4_4&#8243; _builder_version=&#8221;4.19.1&#8243; _module_preset=&#8221;default&#8221; global_colors_info=&#8221;{}&#8221;][et_pb_text _builder_version=&#8221;4.19.2&#8243; _module_preset=&#8221;5500baa3-c888-426d-ad92-0cdae7bbf826&#8243; header_2_text_color=&#8221;#FFFFFF&#8221; global_colors_info=&#8221;{}&#8221;]<\/p>\n<h2>Book Appointment<\/h2>\n<p>[\/et_pb_text][\/et_pb_column][\/et_pb_row][et_pb_row column_structure=&#8221;3_4,1_4&#8243; _builder_version=&#8221;4.19.1&#8243; _module_preset=&#8221;default&#8221; global_colors_info=&#8221;{}&#8221;][et_pb_column type=&#8221;3_4&#8243; _builder_version=&#8221;4.19.1&#8243; _module_preset=&#8221;default&#8221; global_colors_info=&#8221;{}&#8221;][et_pb_contact_form captcha=&#8221;off&#8221; _builder_version=&#8221;4.19.2&#8243; _module_preset=&#8221;b6e02d02-afe5-4432-9edd-148652eca74d&#8221; locked=&#8221;off&#8221; global_colors_info=&#8221;{%22gcid-77ec331f-6e38-4703-81e5-732034e538f2%22:%91%22button_bg_color%22,%22button_bg_color%22,%22button_text_color__hover%22%93}&#8221;][et_pb_contact_field field_id=&#8221;Name&#8221; field_title=&#8221;Name&#8221; _builder_version=&#8221;4.19.1&#8243; _module_preset=&#8221;default&#8221; global_colors_info=&#8221;{}&#8221; button_text_size__hover_enabled=&#8221;off&#8221; button_one_text_size__hover_enabled=&#8221;off&#8221; button_two_text_size__hover_enabled=&#8221;off&#8221; button_text_color__hover_enabled=&#8221;off&#8221; button_one_text_color__hover_enabled=&#8221;off&#8221; button_two_text_color__hover_enabled=&#8221;off&#8221; button_border_width__hover_enabled=&#8221;off&#8221; button_one_border_width__hover_enabled=&#8221;off&#8221; button_two_border_width__hover_enabled=&#8221;off&#8221; button_border_color__hover_enabled=&#8221;off&#8221; button_one_border_color__hover_enabled=&#8221;off&#8221; button_two_border_color__hover_enabled=&#8221;off&#8221; button_border_radius__hover_enabled=&#8221;off&#8221; button_one_border_radius__hover_enabled=&#8221;off&#8221; button_two_border_radius__hover_enabled=&#8221;off&#8221; button_letter_spacing__hover_enabled=&#8221;off&#8221; button_one_letter_spacing__hover_enabled=&#8221;off&#8221; button_two_letter_spacing__hover_enabled=&#8221;off&#8221; button_bg_color__hover_enabled=&#8221;off&#8221; button_one_bg_color__hover_enabled=&#8221;off&#8221; button_two_bg_color__hover_enabled=&#8221;off&#8221;][\/et_pb_contact_field][et_pb_contact_field field_id=&#8221;Email&#8221; field_title=&#8221;Email Address&#8221; field_type=&#8221;email&#8221; _builder_version=&#8221;4.19.1&#8243; _module_preset=&#8221;default&#8221; global_colors_info=&#8221;{}&#8221; button_text_size__hover_enabled=&#8221;off&#8221; button_one_text_size__hover_enabled=&#8221;off&#8221; button_two_text_size__hover_enabled=&#8221;off&#8221; button_text_color__hover_enabled=&#8221;off&#8221; button_one_text_color__hover_enabled=&#8221;off&#8221; button_two_text_color__hover_enabled=&#8221;off&#8221; button_border_width__hover_enabled=&#8221;off&#8221; button_one_border_width__hover_enabled=&#8221;off&#8221; button_two_border_width__hover_enabled=&#8221;off&#8221; button_border_color__hover_enabled=&#8221;off&#8221; button_one_border_color__hover_enabled=&#8221;off&#8221; button_two_border_color__hover_enabled=&#8221;off&#8221; button_border_radius__hover_enabled=&#8221;off&#8221; button_one_border_radius__hover_enabled=&#8221;off&#8221; button_two_border_radius__hover_enabled=&#8221;off&#8221; button_letter_spacing__hover_enabled=&#8221;off&#8221; button_one_letter_spacing__hover_enabled=&#8221;off&#8221; button_two_letter_spacing__hover_enabled=&#8221;off&#8221; button_bg_color__hover_enabled=&#8221;off&#8221; button_one_bg_color__hover_enabled=&#8221;off&#8221; button_two_bg_color__hover_enabled=&#8221;off&#8221;][\/et_pb_contact_field][et_pb_contact_field field_id=&#8221;Message&#8221; field_title=&#8221;Message&#8221; field_type=&#8221;text&#8221; fullwidth_field=&#8221;on&#8221; _builder_version=&#8221;4.19.1&#8243; _module_preset=&#8221;default&#8221; global_colors_info=&#8221;{}&#8221; button_text_size__hover_enabled=&#8221;off&#8221; button_one_text_size__hover_enabled=&#8221;off&#8221; button_two_text_size__hover_enabled=&#8221;off&#8221; button_text_color__hover_enabled=&#8221;off&#8221; button_one_text_color__hover_enabled=&#8221;off&#8221; button_two_text_color__hover_enabled=&#8221;off&#8221; button_border_width__hover_enabled=&#8221;off&#8221; button_one_border_width__hover_enabled=&#8221;off&#8221; button_two_border_width__hover_enabled=&#8221;off&#8221; button_border_color__hover_enabled=&#8221;off&#8221; button_one_border_color__hover_enabled=&#8221;off&#8221; button_two_border_color__hover_enabled=&#8221;off&#8221; button_border_radius__hover_enabled=&#8221;off&#8221; button_one_border_radius__hover_enabled=&#8221;off&#8221; button_two_border_radius__hover_enabled=&#8221;off&#8221; button_letter_spacing__hover_enabled=&#8221;off&#8221; button_one_letter_spacing__hover_enabled=&#8221;off&#8221; button_two_letter_spacing__hover_enabled=&#8221;off&#8221; button_bg_color__hover_enabled=&#8221;off&#8221; button_one_bg_color__hover_enabled=&#8221;off&#8221; button_two_bg_color__hover_enabled=&#8221;off&#8221;][\/et_pb_contact_field][\/et_pb_contact_form][\/et_pb_column][et_pb_column type=&#8221;1_4&#8243; _builder_version=&#8221;4.19.1&#8243; _module_preset=&#8221;default&#8221; global_colors_info=&#8221;{}&#8221;][et_pb_text _builder_version=&#8221;4.19.2&#8243; _module_preset=&#8221;5edc2b11-d891-4a34-996b-49c67988e0df&#8221; text_text_color=&#8221;gcid-77ec331f-6e38-4703-81e5-732034e538f2&#8243; custom_margin=&#8221;20px||0px||false|false&#8221; locked=&#8221;off&#8221; global_colors_info=&#8221;{%22gcid-77ec331f-6e38-4703-81e5-732034e538f2%22:%91%22text_text_color%22,%22text_text_color%22%93}&#8221;]<\/p>\n<p>Phone<\/p>\n<p>[\/et_pb_text][et_pb_text _builder_version=&#8221;4.19.2&#8243; _module_preset=&#8221;66016170-9028-4cf6-8541-4a7ad615e797&#8243; text_text_color=&#8221;#FFFFFF&#8221; custom_margin=&#8221;||0px||false|false&#8221; locked=&#8221;off&#8221; global_colors_info=&#8221;{}&#8221;]<\/p>\n<p>(255) 352-6258<\/p>\n<p>[\/et_pb_text][et_pb_text _builder_version=&#8221;4.19.2&#8243; _module_preset=&#8221;5edc2b11-d891-4a34-996b-49c67988e0df&#8221; text_text_color=&#8221;gcid-77ec331f-6e38-4703-81e5-732034e538f2&#8243; custom_margin=&#8221;20px||0px||false|false&#8221; locked=&#8221;off&#8221; global_colors_info=&#8221;{%22gcid-77ec331f-6e38-4703-81e5-732034e538f2%22:%91%22text_text_color%22%93}&#8221;]<\/p>\n<p>Address<\/p>\n<p>[\/et_pb_text][et_pb_text _builder_version=&#8221;4.19.2&#8243; _module_preset=&#8221;66016170-9028-4cf6-8541-4a7ad615e797&#8243; text_text_color=&#8221;#FFFFFF&#8221; custom_margin=&#8221;||0px||false|false&#8221; locked=&#8221;off&#8221; global_colors_info=&#8221;{}&#8221;]<\/p>\n<p>1234 Divi St. #1000, San Francisco, CA 94220<\/p>\n<p>[\/et_pb_text][et_pb_text _builder_version=&#8221;4.19.1&#8243; _module_preset=&#8221;5edc2b11-d891-4a34-996b-49c67988e0df&#8221; text_text_color=&#8221;gcid-77ec331f-6e38-4703-81e5-732034e538f2&#8243; custom_margin=&#8221;20px||0px||false|false&#8221; locked=&#8221;off&#8221; global_colors_info=&#8221;{%22gcid-77ec331f-6e38-4703-81e5-732034e538f2%22:%91%22text_text_color%22,%22text_text_color%22%93}&#8221;]Opening Hours[\/et_pb_text][et_pb_text _builder_version=&#8221;4.19.2&#8243; _module_preset=&#8221;66016170-9028-4cf6-8541-4a7ad615e797&#8243; text_text_color=&#8221;#FFFFFF&#8221; custom_margin=&#8221;||0px||false|false&#8221; locked=&#8221;off&#8221; global_colors_info=&#8221;{}&#8221;]<\/p>\n<p>Monday 10am \u2013 6pm<\/p>\n<p>[\/et_pb_text][et_pb_text _builder_version=&#8221;4.19.2&#8243; _module_preset=&#8221;66016170-9028-4cf6-8541-4a7ad615e797&#8243; text_text_color=&#8221;#FFFFFF&#8221; custom_margin=&#8221;||0px||false|false&#8221; locked=&#8221;off&#8221; global_colors_info=&#8221;{}&#8221;]<\/p>\n<p>Tuesday 10am \u2013 6pm<\/p>\n<p>[\/et_pb_text][et_pb_text _builder_version=&#8221;4.19.2&#8243; _module_preset=&#8221;66016170-9028-4cf6-8541-4a7ad615e797&#8243; text_text_color=&#8221;#FFFFFF&#8221; custom_margin=&#8221;||0px||false|false&#8221; locked=&#8221;off&#8221; global_colors_info=&#8221;{}&#8221;]<\/p>\n<p>Wednesday CLOSED<\/p>\n<p>[\/et_pb_text][et_pb_text _builder_version=&#8221;4.19.2&#8243; _module_preset=&#8221;66016170-9028-4cf6-8541-4a7ad615e797&#8243; text_text_color=&#8221;#FFFFFF&#8221; custom_margin=&#8221;||0px||false|false&#8221; locked=&#8221;off&#8221; global_colors_info=&#8221;{}&#8221;]<\/p>\n<p>Thursday 10am \u2013 6pm<\/p>\n<p>[\/et_pb_text][et_pb_text _builder_version=&#8221;4.19.2&#8243; _module_preset=&#8221;66016170-9028-4cf6-8541-4a7ad615e797&#8243; text_text_color=&#8221;#FFFFFF&#8221; custom_margin=&#8221;||0px||false|false&#8221; locked=&#8221;off&#8221; global_colors_info=&#8221;{}&#8221;]<\/p>\n<p>Friday 10am \u2013 4pm<\/p>\n<p>[\/et_pb_text][et_pb_text _builder_version=&#8221;4.19.2&#8243; _module_preset=&#8221;66016170-9028-4cf6-8541-4a7ad615e797&#8243; text_text_color=&#8221;#FFFFFF&#8221; custom_margin=&#8221;||0px||false|false&#8221; locked=&#8221;off&#8221; global_colors_info=&#8221;{}&#8221;]<\/p>\n<p>Saturday 11am \u2013 4pm<\/p>\n<p>[\/et_pb_text][et_pb_text _builder_version=&#8221;4.19.2&#8243; _module_preset=&#8221;66016170-9028-4cf6-8541-4a7ad615e797&#8243; text_text_color=&#8221;#FFFFFF&#8221; custom_margin=&#8221;||0px||false|false&#8221; locked=&#8221;off&#8221; global_colors_info=&#8221;{}&#8221;]<\/p>\n<p>Sunday CLOSED<\/p>\n<p>[\/et_pb_text][\/et_pb_column][\/et_pb_row][\/et_pb_section]<\/p>\n","protected":false},"excerpt":{"rendered":"<p>TimeWaver PRO\/MEDTimeWaver Professional TimeWaver Med\u201eCz\u0142owiek \u2013 magnetyczna mimoza \u2013 orientuj\u0105cy si\u0119 m\u00f3zgiem i sercem w przestrzeni \u017cycia jak \u017cywy elektroniczny uk\u0142ad scalony, stanowi najdelikatniejsze urz\u0105dzenie, kt\u00f3remu przyroda posk\u0105pi\u0142a receptora magnetycznego dla \u015bwiadomego odbioru\u201d &#8211; ks. prof. W\u0142odzimierz Sedlak (1911 -1993)TimeWaver Professional TimeWaver MedTimeWaver Professional (TWPro) daje mo\u017cliwo\u015b\u0107 analizy informacyjnej na p\u0142aszczyznach: fizycznej, biochemicznej, energetycznej, mentalnej, [&hellip;]<\/p>\n","protected":false},"author":1,"featured_media":0,"parent":0,"menu_order":0,"comment_status":"closed","ping_status":"closed","template":"","meta":{"_et_pb_use_builder":"on","_et_pb_old_content":"<!-- wp:divi\/placeholder \/-->","_et_gb_content_width":"","footnotes":""},"class_list":["post-60","page","type-page","status-publish","hentry"],"_links":{"self":[{"href":"https:\/\/quantumtherapy.ovh\/index.php\/wp-json\/wp\/v2\/pages\/60","targetHints":{"allow":["GET"]}}],"collection":[{"href":"https:\/\/quantumtherapy.ovh\/index.php\/wp-json\/wp\/v2\/pages"}],"about":[{"href":"https:\/\/quantumtherapy.ovh\/index.php\/wp-json\/wp\/v2\/types\/page"}],"author":[{"embeddable":true,"href":"https:\/\/quantumtherapy.ovh\/index.php\/wp-json\/wp\/v2\/users\/1"}],"replies":[{"embeddable":true,"href":"https:\/\/quantumtherapy.ovh\/index.php\/wp-json\/wp\/v2\/comments?post=60"}],"version-history":[{"count":9,"href":"https:\/\/quantumtherapy.ovh\/index.php\/wp-json\/wp\/v2\/pages\/60\/revisions"}],"predecessor-version":[{"id":343,"href":"https:\/\/quantumtherapy.ovh\/index.php\/wp-json\/wp\/v2\/pages\/60\/revisions\/343"}],"wp:attachment":[{"href":"https:\/\/quantumtherapy.ovh\/index.php\/wp-json\/wp\/v2\/media?parent=60"}],"curies":[{"name":"wp","href":"https:\/\/api.w.org\/{rel}","templated":true}]}}